{"id":6150,"date":"2022-11-14T20:52:03","date_gmt":"2022-11-14T17:52:03","guid":{"rendered":"https:\/\/artiotomat.com\/?page_id=6150"},"modified":"2022-11-14T20:56:26","modified_gmt":"2022-11-14T17:56:26","slug":"arac-yikama-pos-sistemleri","status":"publish","type":"page","link":"https:\/\/artiotomat.com\/?page_id=6150","title":{"rendered":"Ara\u00e7 Y\u0131kama Pos Sistemleri"},"content":{"rendered":"<p>Petrollerde Oto Y\u0131kamada Bozuk Para Derdine Son.<\/p>\n<div style=\"width: 662px;\" class=\"wp-video\"><!--[if lt IE 9]><script>document.createElement('video');<\/script><![endif]-->\n<video class=\"wp-video-shortcode\" id=\"video-6150-1\" width=\"662\" height=\"375\" preload=\"metadata\" controls=\"controls\"><source type=\"video\/mp4\" src=\"http:\/\/artiotomat.com\/wp-content\/uploads\/2022\/11\/WhatsApp-Video-2022-11-14-at-20.37.13.mp4?_=1\" \/><a href=\"http:\/\/artiotomat.com\/wp-content\/uploads\/2022\/11\/WhatsApp-Video-2022-11-14-at-20.37.13.mp4\">http:\/\/artiotomat.com\/wp-content\/uploads\/2022\/11\/WhatsApp-Video-2022-11-14-at-20.37.13.mp4<\/a><\/video><\/div>\n","protected":false},"excerpt":{"rendered":"<p>Petrollerde Oto Y\u0131kamada Bozuk Para Derdine Son.<\/p>\n","protected":false},"author":1,"featured_media":0,"parent":0,"menu_order":0,"comment_status":"closed","ping_status":"closed","template":"","meta":[],"_links":{"self":[{"href":"https:\/\/artiotomat.com\/index.php?rest_route=\/wp\/v2\/pages\/6150"}],"collection":[{"href":"https:\/\/artiotomat.com\/index.php?rest_route=\/wp\/v2\/pages"}],"about":[{"href":"https:\/\/artiotomat.com\/index.php?rest_route=\/wp\/v2\/types\/page"}],"author":[{"embeddable":true,"href":"https:\/\/artiotomat.com\/index.php?rest_route=\/wp\/v2\/users\/1"}],"replies":[{"embeddable":true,"href":"https:\/\/artiotomat.com\/index.php?rest_route=%2Fwp%2Fv2%2Fcomments&post=6150"}],"version-history":[{"count":2,"href":"https:\/\/artiotomat.com\/index.php?rest_route=\/wp\/v2\/pages\/6150\/revisions"}],"predecessor-version":[{"id":6154,"href":"https:\/\/artiotomat.com\/index.php?rest_route=\/wp\/v2\/pages\/6150\/revisions\/6154"}],"wp:attachment":[{"href":"https:\/\/artiotomat.com\/index.php?rest_route=%2Fwp%2Fv2%2Fmedia&parent=6150"}],"curies":[{"name":"wp","href":"https:\/\/api.w.org\/{rel}","templated":true}]}}